{"id":164,"date":"2024-02-16T16:41:04","date_gmt":"2024-02-16T13:41:04","guid":{"rendered":"https:\/\/ozcakirogullari.com\/?page_id=164"},"modified":"2024-02-16T16:43:34","modified_gmt":"2024-02-16T13:43:34","slug":"photo-gallery","status":"publish","type":"page","link":"https:\/\/ozcakirogullari.com\/index.php\/photo-gallery\/","title":{"rendered":"FOTO\u011eRAF GALER\u0130S\u0130"},"content":{"rendered":"\n<p class=\"gutenify-section-0e223970-cccd-11ee-810d-53bda8428282\"><\/p>\n\n\n<div class=\"wp-block-gutenify-advance-slider gutenify-advance-slider gutenify-section-cac23030-cccd-11ee-810d-53bda8428282 gutenify-section-layout-1 gutenify-advance-slider-version-2\"><div class=\"swiper-wrapper\">\n\n<div class=\"wp-block-gutenify-advance-slide-item gutenify-block-slide-item-wrapper swiper-slide gutenify-advance-slide-item-version-2 gutenify-section-cad6c9a0-cccd-11ee-810d-53bda8428282\">\n<div class=\"wp-block-cover is-light gutenify-section-caf0e150-cccd-11ee-810d-53bda8428282\"><span aria-hidden=\"true\" class=\"wp-block-cover__background has-background-dim\" style=\"background-color:#fff\"><\/span><img loading=\"lazy\" decoding=\"async\" width=\"2560\" height=\"1920\" class=\"wp-block-cover__image-background wp-image-170\" alt=\"\" src=\"https:\/\/ozcakirogullari.com\/wp-content\/uploads\/2024\/02\/DSCF1288-scaled.jpg\" style=\"object-position:49% 49%\" data-object-fit=\"cover\" data-object-position=\"49% 49%\" srcset=\"https:\/\/ozcakirogullari.com\/wp-content\/uploads\/2024\/02\/DSCF1288-scaled.jpg 2560w, https:\/\/ozcakirogullari.com\/wp-content\/uploads\/2024\/02\/DSCF1288-300x225.jpg 300w, https:\/\/ozcakirogullari.com\/wp-content\/uploads\/2024\/02\/DSCF1288-1024x768.jpg 1024w, https:\/\/ozcakirogullari.com\/wp-content\/uploads\/2024\/02\/DSCF1288-768x576.jpg 768w, https:\/\/ozcakirogullari.com\/wp-content\/uploads\/2024\/02\/DSCF1288-1536x1152.jpg 1536w, https:\/\/ozcakirogullari.com\/wp-content\/uploads\/2024\/02\/DSCF1288-2048x1536.jpg 2048w\" sizes=\"(max-width: 2560px) 100vw, 2560px\" \/><div class=\"wp-block-cover__inner-container is-layout-flow wp-block-cover-is-layout-flow\">\n<h2 class=\"wp-block-heading has-text-align-center gutenify-section-caee4940-cccd-11ee-810d-53bda8428282\"><\/h2>\n<\/div><\/div>\n<\/div>\n\n\n\n<div class=\"wp-block-gutenify-advance-slide-item gutenify-block-slide-item-wrapper swiper-slide gutenify-advance-slide-item-version-2 gutenify-section-cad91390-cccd-11ee-810d-53bda8428282\">\n<div class=\"wp-block-cover is-light gutenify-section-caf54e20-cccd-11ee-810d-53bda8428282\"><span aria-hidden=\"true\" class=\"wp-block-cover__background has-background-dim\" style=\"background-color:#fff\"><\/span><img loading=\"lazy\" decoding=\"async\" width=\"2560\" height=\"1920\" class=\"wp-block-cover__image-background wp-image-168\" alt=\"\" src=\"https:\/\/ozcakirogullari.com\/wp-content\/uploads\/2024\/02\/DSCF1267-scaled.jpg\" data-object-fit=\"cover\" srcset=\"https:\/\/ozcakirogullari.com\/wp-content\/uploads\/2024\/02\/DSCF1267-scaled.jpg 2560w, https:\/\/ozcakirogullari.com\/wp-content\/uploads\/2024\/02\/DSCF1267-300x225.jpg 300w, https:\/\/ozcakirogullari.com\/wp-content\/uploads\/2024\/02\/DSCF1267-1024x768.jpg 1024w, https:\/\/ozcakirogullari.com\/wp-content\/uploads\/2024\/02\/DSCF1267-768x576.jpg 768w, https:\/\/ozcakirogullari.com\/wp-content\/uploads\/2024\/02\/DSCF1267-1536x1152.jpg 1536w, https:\/\/ozcakirogullari.com\/wp-content\/uploads\/2024\/02\/DSCF1267-2048x1536.jpg 2048w\" sizes=\"(max-width: 2560px) 100vw, 2560px\" \/><div class=\"wp-block-cover__inner-container is-layout-flow wp-block-cover-is-layout-flow\">\n<h2 class=\"wp-block-heading has-text-align-center gutenify-section-caf32b40-cccd-11ee-810d-53bda8428282\"><\/h2>\n<\/div><\/div>\n<\/div>\n\n\n\n<div class=\"wp-block-gutenify-advance-slide-item gutenify-block-slide-item-wrapper swiper-slide gutenify-advance-slide-item-version-2 gutenify-section-1ddb61b0-ccce-11ee-810d-53bda8428282\">\n<div class=\"wp-block-cover is-light gutenify-section-1de61010-ccce-11ee-810d-53bda8428282\"><span aria-hidden=\"true\" class=\"wp-block-cover__background has-background-dim\" style=\"background-color:#fff\"><\/span><img loading=\"lazy\" decoding=\"async\" width=\"2560\" height=\"1920\" class=\"wp-block-cover__image-background wp-image-167\" alt=\"\" src=\"https:\/\/ozcakirogullari.com\/wp-content\/uploads\/2024\/02\/DSCF1266-scaled.jpg\" data-object-fit=\"cover\" srcset=\"https:\/\/ozcakirogullari.com\/wp-content\/uploads\/2024\/02\/DSCF1266-scaled.jpg 2560w, https:\/\/ozcakirogullari.com\/wp-content\/uploads\/2024\/02\/DSCF1266-300x225.jpg 300w, https:\/\/ozcakirogullari.com\/wp-content\/uploads\/2024\/02\/DSCF1266-1024x768.jpg 1024w, https:\/\/ozcakirogullari.com\/wp-content\/uploads\/2024\/02\/DSCF1266-768x576.jpg 768w, https:\/\/ozcakirogullari.com\/wp-content\/uploads\/2024\/02\/DSCF1266-1536x1152.jpg 1536w, https:\/\/ozcakirogullari.com\/wp-content\/uploads\/2024\/02\/DSCF1266-2048x1536.jpg 2048w\" sizes=\"(max-width: 2560px) 100vw, 2560px\" \/><div class=\"wp-block-cover__inner-container is-layout-flow wp-block-cover-is-layout-flow\">\n<h2 class=\"wp-block-heading has-text-align-center gutenify-section-1de48970-ccce-11ee-810d-53bda8428282\"><\/h2>\n<\/div><\/div>\n<\/div>\n\n\n\n<div class=\"wp-block-gutenify-advance-slide-item gutenify-block-slide-item-wrapper swiper-slide gutenify-advance-slide-item-version-2 gutenify-section-3c0bce40-ccce-11ee-810d-53bda8428282\">\n<div class=\"wp-block-cover is-light gutenify-section-3c16f1d0-ccce-11ee-810d-53bda8428282\"><span aria-hidden=\"true\" class=\"wp-block-cover__background has-background-dim\" style=\"background-color:#fff\"><\/span><img loading=\"lazy\" decoding=\"async\" width=\"2560\" height=\"1920\" class=\"wp-block-cover__image-background wp-image-165\" alt=\"\" src=\"https:\/\/ozcakirogullari.com\/wp-content\/uploads\/2024\/02\/DSCF1176-scaled.jpg\" data-object-fit=\"cover\" srcset=\"https:\/\/ozcakirogullari.com\/wp-content\/uploads\/2024\/02\/DSCF1176-scaled.jpg 2560w, https:\/\/ozcakirogullari.com\/wp-content\/uploads\/2024\/02\/DSCF1176-300x225.jpg 300w, https:\/\/ozcakirogullari.com\/wp-content\/uploads\/2024\/02\/DSCF1176-1024x768.jpg 1024w, https:\/\/ozcakirogullari.com\/wp-content\/uploads\/2024\/02\/DSCF1176-768x576.jpg 768w, https:\/\/ozcakirogullari.com\/wp-content\/uploads\/2024\/02\/DSCF1176-1536x1152.jpg 1536w, https:\/\/ozcakirogullari.com\/wp-content\/uploads\/2024\/02\/DSCF1176-2048x1536.jpg 2048w\" sizes=\"(max-width: 2560px) 100vw, 2560px\" \/><div class=\"wp-block-cover__inner-container is-layout-flow wp-block-cover-is-layout-flow\">\n<h2 class=\"wp-block-heading has-text-align-center gutenify-section-3c154420-ccce-11ee-810d-53bda8428282\"><\/h2>\n<\/div><\/div>\n<\/div>\n\n\n\n<div class=\"wp-block-gutenify-advance-slide-item gutenify-block-slide-item-wrapper swiper-slide gutenify-advance-slide-item-version-2 gutenify-section-44495550-ccce-11ee-810d-53bda8428282\">\n<div class=\"wp-block-cover is-light gutenify-section-44549ff0-ccce-11ee-810d-53bda8428282\"><span aria-hidden=\"true\" class=\"wp-block-cover__background has-background-dim\" style=\"background-color:#fff\"><\/span><video class=\"wp-block-cover__video-background intrinsic-ignore\" autoplay muted loop playsinline src=\"https:\/\/ozcakirogullari.com\/wp-content\/uploads\/2023\/10\/3D-Ahap-leme-Logo_1080p.mp4\" data-object-fit=\"cover\"><\/video><div class=\"wp-block-cover__inner-container is-layout-flow wp-block-cover-is-layout-flow\">\n<h2 class=\"wp-block-heading has-text-align-center gutenify-section-4452a420-ccce-11ee-810d-53bda8428282\"><\/h2>\n<\/div><\/div>\n<\/div>\n\n<\/div><div class=\"swiper-button-next\"><\/div>\n\t\t<div class=\"swiper-button-prev\"><\/div><\/div>","protected":false},"excerpt":{"rendered":"","protected":false},"author":1,"featured_media":0,"parent":0,"menu_order":0,"comment_status":"closed","ping_status":"closed","template":"","meta":{"footnotes":"","gutenify_custom_css":"","gutenify_custom_css_data":""},"_links":{"self":[{"href":"https:\/\/ozcakirogullari.com\/index.php\/wp-json\/wp\/v2\/pages\/164"}],"collection":[{"href":"https:\/\/ozcakirogullari.com\/index.php\/wp-json\/wp\/v2\/pages"}],"about":[{"href":"https:\/\/ozcakirogullari.com\/index.php\/wp-json\/wp\/v2\/types\/page"}],"author":[{"embeddable":true,"href":"https:\/\/ozcakirogullari.com\/index.php\/wp-json\/wp\/v2\/users\/1"}],"replies":[{"embeddable":true,"href":"https:\/\/ozcakirogullari.com\/index.php\/wp-json\/wp\/v2\/comments?post=164"}],"version-history":[{"count":3,"href":"https:\/\/ozcakirogullari.com\/index.php\/wp-json\/wp\/v2\/pages\/164\/revisions"}],"predecessor-version":[{"id":179,"href":"https:\/\/ozcakirogullari.com\/index.php\/wp-json\/wp\/v2\/pages\/164\/revisions\/179"}],"wp:attachment":[{"href":"https:\/\/ozcakirogullari.com\/index.php\/wp-json\/wp\/v2\/media?parent=164"}],"curies":[{"name":"wp","href":"https:\/\/api.w.org\/{rel}","templated":true}]}}